{"id":18845,"date":"2024-03-11T13:24:00","date_gmt":"2024-03-11T10:24:00","guid":{"rendered":"https:\/\/www.westates.com\/?page_id=18845"},"modified":"2025-07-01T12:12:06","modified_gmt":"2025-07-01T08:12:06","slug":"dubai-hakkinda","status":"publish","type":"page","link":"https:\/\/westates.com\/tr\/dubai-hakkinda\/","title":{"rendered":"Dubai Hakk\u0131nda"},"content":{"rendered":"<div data-elementor-type=\"wp-page\" data-elementor-id=\"18845\" class=\"elementor elementor-18845\" data-elementor-post-type=\"page\">\n\t\t\t\t\t\t<section class=\"elementor-section elementor-top-section elementor-element elementor-element-265ef4e elementor-section-height-min-height elementor-section-stretched elementor-section-boxed elementor-section-height-default elementor-section-items-middle\" data-id=\"265ef4e\" data-element_type=\"section\" data-settings=\"{&quot;background_background&quot;:&quot;classic&quot;,&quot;stretch_section&quot;:&quot;section-stretched&quot;}\">\n\t\t\t\t\t\t\t<div class=\"elementor-background-overlay\"><\/div>\n\t\t\t\t\t\t\t<div class=\"elementor-container elementor-column-gap-default\">\n\t\t\t\t\t<div class=\"elementor-column elementor-col-100 elementor-top-column elementor-element elementor-element-61f1d1e\" data-id=\"61f1d1e\" data-element_type=\"column\">\n\t\t\t<div class=\"elementor-widget-wrap elementor-element-populated\">\n\t\t\t\t\t\t<div class=\"elementor-element elementor-element-cd88631 elementor-invisible elementor-widget elementor-widget-heading\" data-id=\"cd88631\" data-element_type=\"widget\" data-settings=\"{&quot;_animation&quot;:&quot;fadeIn&quot;}\" data-widget_type=\"heading.default\">\n\t\t\t\t<div class=\"elementor-widget-container\">\n\t\t\t\t\t<h1 class=\"elementor-heading-title elementor-size-default\">Dubai Hakk\u0131nda<\/h1>\t\t\t\t<\/div>\n\t\t\t\t<\/div>\n\t\t\t\t<div class=\"elementor-element elementor-element-2c83190 elementor-hidden-desktop elementor-hidden-tablet elementor-hidden-mobile elementor-invisible elementor-widget elementor-widget-heading\" data-id=\"2c83190\" data-element_type=\"widget\" data-settings=\"{&quot;_animation&quot;:&quot;fadeIn&quot;,&quot;_animation_delay&quot;:250}\" data-widget_type=\"heading.default\">\n\t\t\t\t<div class=\"elementor-widget-container\">\n\t\t\t\t\t<div class=\"elementor-heading-title elementor-size-default\">Dubai - Abu Dabi - Sharjah - Ajman<\/div>\t\t\t\t<\/div>\n\t\t\t\t<\/div>\n\t\t\t\t\t<\/div>\n\t\t<\/div>\n\t\t\t\t\t<\/div>\n\t\t<\/section>\n\t\t<div class=\"elementor-element elementor-element-f93ec2b e-flex e-con-boxed e-con e-parent\" data-id=\"f93ec2b\" data-element_type=\"container\">\n\t\t\t\t\t<div class=\"e-con-inner\">\n\t\t\t\t<div class=\"elementor-element elementor-element-3fccff7 elementor-widget elementor-widget-spacer\" data-id=\"3fccff7\" data-element_type=\"widget\" data-widget_type=\"spacer.default\">\n\t\t\t\t<div class=\"elementor-widget-container\">\n\t\t\t\t\t\t\t<div class=\"elementor-spacer\">\n\t\t\t<div class=\"elementor-spacer-inner\"><\/div>\n\t\t<\/div>\n\t\t\t\t\t\t<\/div>\n\t\t\t\t<\/div>\n\t\t\t\t\t<\/div>\n\t\t\t\t<\/div>\n\t\t<div class=\"elementor-element elementor-element-69670fc e-flex e-con-boxed e-con e-parent\" data-id=\"69670fc\" data-element_type=\"container\">\n\t\t\t\t\t<div class=\"e-con-inner\">\n\t\t<div class=\"elementor-element elementor-element-fef443c e-con-full e-flex e-con e-child\" data-id=\"fef443c\" data-element_type=\"container\">\n\t\t\t\t<div class=\"elementor-element elementor-element-7de3698 elementor-widget elementor-widget-text-editor\" data-id=\"7de3698\" data-element_type=\"widget\" data-widget_type=\"text-editor.default\">\n\t\t\t\t<div class=\"elementor-widget-container\">\n\t\t\t\t\t\t\t\t\t<h4>Dubai'de Politik ve Ekonomik \u0130stikrar<\/h4><p>D\u00fcnyan\u0131n en g\u00fcvenli kentlerinden birisi olan Dubai hem ekonomisi hem de izledi\u011fi politikalarda istikrarl\u0131 ad\u0131mlarla ilerliyor. Dubai h\u00fck\u00fcmeti; e\u011fitim, sa\u011fl\u0131k, e\u011flence, ikamet ve di\u011fer olanaklar\u0131 ile de yat\u0131r\u0131mc\u0131lar ve i\u015f adamlar\u0131na kendisini en iyi \u015fekilde tan\u0131t\u0131yor. Ayn\u0131 zamanda, aralar\u0131nda d\u00fcnyan\u0131n en zengin isimlerinin de yer ald\u0131\u011f\u0131 Dubai yat\u0131r\u0131mc\u0131lar\u0131 g\u00fcvenli\u011fe \u00f6nem verdiklerini ispatl\u0131yor. Bu kentte al\u0131nan y\u00fcksek seviyeli g\u00fcvenlik \u00f6nlemleri sayesinde, m\u00fclklerine gelecek zarar riskinin en alt seviyede oldu\u011funu g\u00f6rmek onlar\u0131 mutlu ediyor olmal\u0131. \u200b<\/p>\t\t\t\t\t\t\t\t<\/div>\n\t\t\t\t<\/div>\n\t\t\t\t<\/div>\n\t\t<div class=\"elementor-element elementor-element-e3bb24e e-con-full e-flex e-con e-child\" data-id=\"e3bb24e\" data-element_type=\"container\">\n\t\t\t\t<div class=\"elementor-element elementor-element-0690ef5 elementor-widget elementor-widget-image\" data-id=\"0690ef5\" data-element_type=\"widget\" data-widget_type=\"image.default\">\n\t\t\t\t<div class=\"elementor-widget-container\">\n\t\t\t\t\t\t\t\t\t\t\t\t\t\t\t<img fetchpriority=\"high\" decoding=\"async\" width=\"612\" height=\"612\" src=\"https:\/\/westates.com\/wp-content\/uploads\/2024\/04\/about-dubai-1.jpg\" class=\"attachment-large size-large wp-image-29323\" alt=\"\" srcset=\"https:\/\/westates.com\/wp-content\/uploads\/2024\/04\/about-dubai-1.jpg 612w, https:\/\/westates.com\/wp-content\/uploads\/2024\/04\/about-dubai-1-300x300.jpg 300w, https:\/\/westates.com\/wp-content\/uploads\/2024\/04\/about-dubai-1-150x150.jpg 150w, https:\/\/westates.com\/wp-content\/uploads\/2024\/04\/about-dubai-1-12x12.jpg 12w, https:\/\/westates.com\/wp-content\/uploads\/2024\/04\/about-dubai-1-600x600.jpg 600w, https:\/\/westates.com\/wp-content\/uploads\/2024\/04\/about-dubai-1-496x496.jpg 496w\" sizes=\"(max-width: 612px) 100vw, 612px\" \/>\t\t\t\t\t\t\t\t\t\t\t\t\t\t\t<\/div>\n\t\t\t\t<\/div>\n\t\t\t\t<\/div>\n\t\t\t\t\t<\/div>\n\t\t\t\t<\/div>\n\t\t<div class=\"elementor-element elementor-element-992c2d3 e-flex e-con-boxed e-con e-parent\" data-id=\"992c2d3\" data-element_type=\"container\">\n\t\t\t\t\t<div class=\"e-con-inner\">\n\t\t<div class=\"elementor-element elementor-element-681f433 e-con-full e-flex e-con e-child\" data-id=\"681f433\" data-element_type=\"container\">\n\t\t\t\t<div class=\"elementor-element elementor-element-a700642 elementor-widget elementor-widget-image\" data-id=\"a700642\" data-element_type=\"widget\" data-widget_type=\"image.default\">\n\t\t\t\t<div class=\"elementor-widget-container\">\n\t\t\t\t\t\t\t\t\t\t\t\t\t\t\t<img decoding=\"async\" width=\"768\" height=\"300\" src=\"https:\/\/westates.com\/wp-content\/uploads\/2024\/04\/about-dubai-2.jpg\" class=\"attachment-large size-large wp-image-29324\" alt=\"\" srcset=\"https:\/\/westates.com\/wp-content\/uploads\/2024\/04\/about-dubai-2.jpg 768w, https:\/\/westates.com\/wp-content\/uploads\/2024\/04\/about-dubai-2-300x117.jpg 300w, https:\/\/westates.com\/wp-content\/uploads\/2024\/04\/about-dubai-2-18x7.jpg 18w, https:\/\/westates.com\/wp-content\/uploads\/2024\/04\/about-dubai-2-496x194.jpg 496w\" sizes=\"(max-width: 768px) 100vw, 768px\" \/>\t\t\t\t\t\t\t\t\t\t\t\t\t\t\t<\/div>\n\t\t\t\t<\/div>\n\t\t\t\t<\/div>\n\t\t<div class=\"elementor-element elementor-element-4372e40 e-con-full e-flex e-con e-child\" data-id=\"4372e40\" data-element_type=\"container\">\n\t\t\t\t<div class=\"elementor-element elementor-element-b50a58d elementor-widget elementor-widget-text-editor\" data-id=\"b50a58d\" data-element_type=\"widget\" data-widget_type=\"text-editor.default\">\n\t\t\t\t<div class=\"elementor-widget-container\">\n\t\t\t\t\t\t\t\t\t<h4>Dubai\u2019nin Jeostratejik Konumu\u200b<\/h4>\nDo\u011fu ile Bat\u0131 aras\u0131nda bir k\u00f6pr\u00fc g\u00f6revi g\u00f6ren Dubai, Basra K\u00f6rfezi'nin g\u00fcneydo\u011fu k\u0131y\u0131lar\u0131nda bulunmaktad\u0131r. Eski bir ticaret yolu \u00fczerinde bulunan ve hala \u00f6nemini koruyan konumuyla do\u011fal bir u\u011frak noktas\u0131 olan Dubai, bu y\u00fczden ticarette \u00e7ok geli\u015fmi\u015ftir. Ayr\u0131ca sahip oldu\u011fu iklimi Dubai'yi do\u011fal bir tatil cennetine d\u00f6n\u00fc\u015ft\u00fcrm\u00fc\u015ft\u00fcr. Bu \u00f6zelli\u011finin avantajlar\u0131n\u0131 \u00e7ok iyi kullanan Dubai en pop\u00fcler turizm sahalar\u0131ndan biri haline gelmi\u015ftir. \u200b\t\t\t\t\t\t\t\t<\/div>\n\t\t\t\t<\/div>\n\t\t\t\t<\/div>\n\t\t\t\t\t<\/div>\n\t\t\t\t<\/div>\n\t\t<div class=\"elementor-element elementor-element-114e1ef e-flex e-con-boxed e-con e-parent\" data-id=\"114e1ef\" data-element_type=\"container\">\n\t\t\t\t\t<div class=\"e-con-inner\">\n\t\t<div class=\"elementor-element elementor-element-c25da55 e-con-full e-flex e-con e-child\" data-id=\"c25da55\" data-element_type=\"container\">\n\t\t\t\t<div class=\"elementor-element elementor-element-039f173 elementor-widget elementor-widget-text-editor\" data-id=\"039f173\" data-element_type=\"widget\" data-widget_type=\"text-editor.default\">\n\t\t\t\t<div class=\"elementor-widget-container\">\n\t\t\t\t\t\t\t\t\t<h4>Dubai\u2019de \u00d6deyece\u011finiz Vergi: %0! \u200b<\/h4>\nVergisiz bir ekonomi olan Dubai'de, mal m\u00fclk ve kazan\u00e7lar h\u00fck\u00fcmet taraf\u0131ndan vergilendirilmiyor. Haliyle Dubai i\u015f adamlar\u0131 ve yat\u0131r\u0131mc\u0131lar i\u00e7in ka\u00e7\u0131n\u0131lmaz bir f\u0131rsat haline geliyor. D\u00fc\u015f\u00fcnsenize, gayrimenkul\u00fcn\u00fcz\u00fcn de\u011ferlenmesinden, kira getirisinden olan gelirinizden \u00f6deyece\u011finiz vergi SIFIR. \u200b\t\t\t\t\t\t\t\t<\/div>\n\t\t\t\t<\/div>\n\t\t\t\t<\/div>\n\t\t<div class=\"elementor-element elementor-element-3171429 e-con-full e-flex e-con e-child\" data-id=\"3171429\" data-element_type=\"container\">\n\t\t\t\t<div class=\"elementor-element elementor-element-5c7174f elementor-widget elementor-widget-image\" data-id=\"5c7174f\" data-element_type=\"widget\" data-widget_type=\"image.default\">\n\t\t\t\t<div class=\"elementor-widget-container\">\n\t\t\t\t\t\t\t\t\t\t\t\t\t\t\t<img decoding=\"async\" width=\"654\" height=\"300\" src=\"https:\/\/westates.com\/wp-content\/uploads\/2024\/04\/about-dubai-3.jpg\" class=\"attachment-large size-large wp-image-29325\" alt=\"\" srcset=\"https:\/\/westates.com\/wp-content\/uploads\/2024\/04\/about-dubai-3.jpg 654w, https:\/\/westates.com\/wp-content\/uploads\/2024\/04\/about-dubai-3-300x138.jpg 300w, https:\/\/westates.com\/wp-content\/uploads\/2024\/04\/about-dubai-3-18x8.jpg 18w, https:\/\/westates.com\/wp-content\/uploads\/2024\/04\/about-dubai-3-496x228.jpg 496w\" sizes=\"(max-width: 654px) 100vw, 654px\" \/>\t\t\t\t\t\t\t\t\t\t\t\t\t\t\t<\/div>\n\t\t\t\t<\/div>\n\t\t\t\t<\/div>\n\t\t\t\t\t<\/div>\n\t\t\t\t<\/div>\n\t\t<div class=\"elementor-element elementor-element-3e97a06 e-flex e-con-boxed e-con e-parent\" data-id=\"3e97a06\" data-element_type=\"container\">\n\t\t\t\t\t<div class=\"e-con-inner\">\n\t\t\t\t<div class=\"elementor-element elementor-element-a48992c elementor-widget elementor-widget-heading\" data-id=\"a48992c\" data-element_type=\"widget\" data-widget_type=\"heading.default\">\n\t\t\t\t<div class=\"elementor-widget-container\">\n\t\t\t\t\t<h4 class=\"elementor-heading-title elementor-size-default\">D\u00fcnyan\u0131n en dolu 2. havaliman\u0131 \u200b<\/h4>\t\t\t\t<\/div>\n\t\t\t\t<\/div>\n\t\t\t\t<div class=\"elementor-element elementor-element-068a9f6 elementor-widget elementor-widget-image\" data-id=\"068a9f6\" data-element_type=\"widget\" data-widget_type=\"image.default\">\n\t\t\t\t<div class=\"elementor-widget-container\">\n\t\t\t\t\t\t\t\t\t\t\t\t\t\t\t<img loading=\"lazy\" decoding=\"async\" width=\"1024\" height=\"531\" src=\"https:\/\/westates.com\/wp-content\/uploads\/2024\/04\/about-dubai-4-1024x531.png\" class=\"attachment-large size-large wp-image-29326\" alt=\"\" srcset=\"https:\/\/westates.com\/wp-content\/uploads\/2024\/04\/about-dubai-4-1024x531.png 1024w, https:\/\/westates.com\/wp-content\/uploads\/2024\/04\/about-dubai-4-300x155.png 300w, https:\/\/westates.com\/wp-content\/uploads\/2024\/04\/about-dubai-4-768x398.png 768w, https:\/\/westates.com\/wp-content\/uploads\/2024\/04\/about-dubai-4-1536x796.png 1536w, https:\/\/westates.com\/wp-content\/uploads\/2024\/04\/about-dubai-4-18x9.png 18w, https:\/\/westates.com\/wp-content\/uploads\/2024\/04\/about-dubai-4-1158x600.png 1158w, https:\/\/westates.com\/wp-content\/uploads\/2024\/04\/about-dubai-4-496x257.png 496w, https:\/\/westates.com\/wp-content\/uploads\/2024\/04\/about-dubai-4.png 1930w\" sizes=\"(max-width: 1024px) 100vw, 1024px\" \/>\t\t\t\t\t\t\t\t\t\t\t\t\t\t\t<\/div>\n\t\t\t\t<\/div>\n\t\t\t\t\t<\/div>\n\t\t\t\t<\/div>\n\t\t<div class=\"elementor-element elementor-element-95a4aa5 e-flex e-con-boxed e-con e-parent\" data-id=\"95a4aa5\" data-element_type=\"container\">\n\t\t\t\t\t<div class=\"e-con-inner\">\n\t\t\t\t<div class=\"elementor-element elementor-element-0866aa3 elementor-widget elementor-widget-spacer\" data-id=\"0866aa3\" data-element_type=\"widget\" data-widget_type=\"spacer.default\">\n\t\t\t\t<div class=\"elementor-widget-container\">\n\t\t\t\t\t\t\t<div class=\"elementor-spacer\">\n\t\t\t<div class=\"elementor-spacer-inner\"><\/div>\n\t\t<\/div>\n\t\t\t\t\t\t<\/div>\n\t\t\t\t<\/div>\n\t\t\t\t\t<\/div>\n\t\t\t\t<\/div>\n\t\t\t\t<\/div>","protected":false},"excerpt":{"rendered":"<p>Why Invest in the Dubai Real Estate Market? Dubai\u2019s real estate market has become one of the most attractive investment destinations in the world\u2014and for good reason. With a dynamic economy, investor-friendly policies, world-class infrastructure, and consistently high rental yields, Dubai offers a unique mix of opportunity and stability. Here\u2019s a detailed look at why [&hellip;]<\/p>","protected":false},"author":1,"featured_media":0,"parent":0,"menu_order":0,"comment_status":"closed","ping_status":"closed","template":"template\/template-homepage.php","meta":{"inline_featured_image":false,"_joinchat":[],"footnotes":""},"class_list":["post-18845","page","type-page","status-publish","hentry"],"yoast_head":"<!-- This site is optimized with the Yoast SEO Premium plugin v24.6 (Yoast SEO v24.6) - https:\/\/yoast.com\/wordpress\/plugins\/seo\/ -->\n<title>About Dubai | Offplan Projects - Apartments, Villas, Townhouses, Penthouses | W Estates<\/title>\n<meta name=\"description\" content=\"Explore the Dubai real estate market&#039;s tax benefits and high rental yields that attract global investors. Invest in Dubai.\" \/>\n<meta name=\"robots\" content=\"index, follow, max-snippet:-1, max-image-preview:large, max-video-preview:-1\" \/>\n<link rel=\"canonical\" href=\"https:\/\/westates.com\/tr\/dubai-hakkinda\/\" \/>\n<meta property=\"og:locale\" content=\"tr_TR\" \/>\n<meta property=\"og:type\" content=\"article\" \/>\n<meta property=\"og:title\" content=\"About Dubai\" \/>\n<meta property=\"og:description\" content=\"Explore the Dubai real estate market&#039;s tax benefits and high rental yields that attract global investors. Invest in Dubai.\" \/>\n<meta property=\"og:url\" content=\"https:\/\/westates.com\/tr\/dubai-hakkinda\/\" \/>\n<meta property=\"og:site_name\" content=\"Offplan Projects - Apartments, Villas, Townhouses, Penthouses | W Estates\" \/>\n<meta property=\"article:modified_time\" content=\"2025-07-01T08:12:06+00:00\" \/>\n<meta name=\"twitter:card\" content=\"summary_large_image\" \/>\n<meta name=\"twitter:label1\" content=\"Tahmini okuma s\u00fcresi\" \/>\n\t<meta name=\"twitter:data1\" content=\"3 dakika\" \/>\n<script type=\"application\/ld+json\" class=\"yoast-schema-graph\">{\"@context\":\"https:\/\/schema.org\",\"@graph\":[{\"@type\":\"WebPage\",\"@id\":\"https:\/\/westates.com\/about-dubai\/\",\"url\":\"https:\/\/westates.com\/about-dubai\/\",\"name\":\"About Dubai | Offplan Projects - Apartments, Villas, Townhouses, Penthouses | W Estates\",\"isPartOf\":{\"@id\":\"https:\/\/westates.com\/#website\"},\"datePublished\":\"2024-03-11T10:24:00+00:00\",\"dateModified\":\"2025-07-01T08:12:06+00:00\",\"description\":\"Explore the Dubai real estate market's tax benefits and high rental yields that attract global investors. Invest in Dubai.\",\"breadcrumb\":{\"@id\":\"https:\/\/westates.com\/about-dubai\/#breadcrumb\"},\"inLanguage\":\"tr\",\"potentialAction\":[{\"@type\":\"ReadAction\",\"target\":[\"https:\/\/westates.com\/about-dubai\/\"]}]},{\"@type\":\"BreadcrumbList\",\"@id\":\"https:\/\/westates.com\/about-dubai\/#breadcrumb\",\"itemListElement\":[{\"@type\":\"ListItem\",\"position\":1,\"name\":\"Home\",\"item\":\"https:\/\/westates.com\/\"},{\"@type\":\"ListItem\",\"position\":2,\"name\":\"About Dubai\"}]},{\"@type\":\"WebSite\",\"@id\":\"https:\/\/westates.com\/#website\",\"url\":\"https:\/\/westates.com\/\",\"name\":\"W Estates\",\"description\":\"\",\"potentialAction\":[{\"@type\":\"SearchAction\",\"target\":{\"@type\":\"EntryPoint\",\"urlTemplate\":\"https:\/\/westates.com\/?s={search_term_string}\"},\"query-input\":{\"@type\":\"PropertyValueSpecification\",\"valueRequired\":true,\"valueName\":\"search_term_string\"}}],\"inLanguage\":\"tr\"}]}<\/script>\n<!-- \/ Yoast SEO Premium plugin. -->","yoast_head_json":{"title":"Dubai Hakk\u0131nda | Offplan Projeler - Daireler, Villalar, \u015eehir Evleri, \u00c7at\u0131 Katlar\u0131 | W Estates","description":"Dubai emlak piyasas\u0131n\u0131n vergi avantajlar\u0131n\u0131 ve k\u00fcresel yat\u0131r\u0131mc\u0131lar\u0131 \u00e7eken y\u00fcksek kira getirilerini ke\u015ffedin. Dubai'ye Yat\u0131r\u0131m Yap\u0131n.","robots":{"index":"index","follow":"follow","max-snippet":"max-snippet:-1","max-image-preview":"max-image-preview:large","max-video-preview":"max-video-preview:-1"},"canonical":"https:\/\/westates.com\/tr\/dubai-hakkinda\/","og_locale":"tr_TR","og_type":"article","og_title":"About Dubai","og_description":"Explore the Dubai real estate market's tax benefits and high rental yields that attract global investors. Invest in Dubai.","og_url":"https:\/\/westates.com\/tr\/dubai-hakkinda\/","og_site_name":"Offplan Projects - Apartments, Villas, Townhouses, Penthouses | W Estates","article_modified_time":"2025-07-01T08:12:06+00:00","twitter_card":"summary_large_image","twitter_misc":{"Tahmini okuma s\u00fcresi":"3 dakika"},"schema":{"@context":"https:\/\/schema.org","@graph":[{"@type":"WebPage","@id":"https:\/\/westates.com\/about-dubai\/","url":"https:\/\/westates.com\/about-dubai\/","name":"Dubai Hakk\u0131nda | Offplan Projeler - Daireler, Villalar, \u015eehir Evleri, \u00c7at\u0131 Katlar\u0131 | W Estates","isPartOf":{"@id":"https:\/\/westates.com\/#website"},"datePublished":"2024-03-11T10:24:00+00:00","dateModified":"2025-07-01T08:12:06+00:00","description":"Dubai emlak piyasas\u0131n\u0131n vergi avantajlar\u0131n\u0131 ve k\u00fcresel yat\u0131r\u0131mc\u0131lar\u0131 \u00e7eken y\u00fcksek kira getirilerini ke\u015ffedin. Dubai'ye Yat\u0131r\u0131m Yap\u0131n.","breadcrumb":{"@id":"https:\/\/westates.com\/about-dubai\/#breadcrumb"},"inLanguage":"tr","potentialAction":[{"@type":"ReadAction","target":["https:\/\/westates.com\/about-dubai\/"]}]},{"@type":"BreadcrumbList","@id":"https:\/\/westates.com\/about-dubai\/#breadcrumb","itemListElement":[{"@type":"ListItem","position":1,"name":"Home","item":"https:\/\/westates.com\/"},{"@type":"ListItem","position":2,"name":"About Dubai"}]},{"@type":"WebSite","@id":"https:\/\/westates.com\/#website","url":"https:\/\/westates.com\/","name":"W Estates","description":"","potentialAction":[{"@type":"SearchAction","target":{"@type":"EntryPoint","urlTemplate":"https:\/\/westates.com\/?s={search_term_string}"},"query-input":{"@type":"PropertyValueSpecification","valueRequired":true,"valueName":"search_term_string"}}],"inLanguage":"tr"}]}},"_links":{"self":[{"href":"https:\/\/westates.com\/tr\/wp-json\/wp\/v2\/pages\/18845","targetHints":{"allow":["GET"]}}],"collection":[{"href":"https:\/\/westates.com\/tr\/wp-json\/wp\/v2\/pages"}],"about":[{"href":"https:\/\/westates.com\/tr\/wp-json\/wp\/v2\/types\/page"}],"author":[{"embeddable":true,"href":"https:\/\/westates.com\/tr\/wp-json\/wp\/v2\/users\/1"}],"replies":[{"embeddable":true,"href":"https:\/\/westates.com\/tr\/wp-json\/wp\/v2\/comments?post=18845"}],"version-history":[{"count":0,"href":"https:\/\/westates.com\/tr\/wp-json\/wp\/v2\/pages\/18845\/revisions"}],"wp:attachment":[{"href":"https:\/\/westates.com\/tr\/wp-json\/wp\/v2\/media?parent=18845"}],"curies":[{"name":"wp","href":"https:\/\/api.w.org\/{rel}","templated":true}]}}