{"id":24609,"date":"2024-03-26T13:27:48","date_gmt":"2024-03-26T10:27:48","guid":{"rendered":"https:\/\/www.westates.com\/?page_id=24609"},"modified":"2024-04-17T10:06:16","modified_gmt":"2024-04-17T07:06:16","slug":"business-bay","status":"publish","type":"page","link":"https:\/\/westates.com\/tr\/business-bay\/","title":{"rendered":"Business Bay"},"content":{"rendered":"<div data-elementor-type=\"wp-page\" data-elementor-id=\"24609\" class=\"elementor elementor-24609\" data-elementor-post-type=\"page\">\n\t\t\t\t\t\t<section class=\"elementor-section elementor-top-section elementor-element elementor-element-23eb03b0 elementor-section-height-min-height elementor-section-stretched elementor-section-boxed elementor-section-height-default elementor-section-items-middle\" data-id=\"23eb03b0\" data-element_type=\"section\" data-settings=\"{&quot;background_background&quot;:&quot;classic&quot;,&quot;stretch_section&quot;:&quot;section-stretched&quot;}\">\n\t\t\t\t\t\t\t<div class=\"elementor-background-overlay\"><\/div>\n\t\t\t\t\t\t\t<div class=\"elementor-container elementor-column-gap-default\">\n\t\t\t\t\t<div class=\"elementor-column elementor-col-100 elementor-top-column elementor-element elementor-element-72742115\" data-id=\"72742115\" data-element_type=\"column\">\n\t\t\t<div class=\"elementor-widget-wrap elementor-element-populated\">\n\t\t\t\t\t\t<div class=\"elementor-element elementor-element-2f822bcb elementor-invisible elementor-widget elementor-widget-heading\" data-id=\"2f822bcb\" data-element_type=\"widget\" data-settings=\"{&quot;_animation&quot;:&quot;fadeIn&quot;}\" data-widget_type=\"heading.default\">\n\t\t\t\t<div class=\"elementor-widget-container\">\n\t\t\t\t\t<h1 class=\"elementor-heading-title elementor-size-default\">Business Bay<\/h1>\t\t\t\t<\/div>\n\t\t\t\t<\/div>\n\t\t\t\t<div class=\"elementor-element elementor-element-75de2810 elementor-hidden-desktop elementor-hidden-tablet elementor-hidden-mobile elementor-invisible elementor-widget elementor-widget-heading\" data-id=\"75de2810\" data-element_type=\"widget\" data-settings=\"{&quot;_animation&quot;:&quot;fadeIn&quot;,&quot;_animation_delay&quot;:250}\" data-widget_type=\"heading.default\">\n\t\t\t\t<div class=\"elementor-widget-container\">\n\t\t\t\t\t<div class=\"elementor-heading-title elementor-size-default\">Dubai - Abu Dabi - Sharjah - Ajman<\/div>\t\t\t\t<\/div>\n\t\t\t\t<\/div>\n\t\t\t\t\t<\/div>\n\t\t<\/div>\n\t\t\t\t\t<\/div>\n\t\t<\/section>\n\t\t<div class=\"elementor-element elementor-element-270a7dd e-flex e-con-boxed e-con e-parent\" data-id=\"270a7dd\" data-element_type=\"container\">\n\t\t\t\t\t<div class=\"e-con-inner\">\n\t\t\t\t<div class=\"elementor-element elementor-element-7dde9c0 elementor-widget elementor-widget-text-editor\" data-id=\"7dde9c0\" data-element_type=\"widget\" data-widget_type=\"text-editor.default\">\n\t\t\t\t<div class=\"elementor-widget-container\">\n\t\t\t\t\t\t\t\t\t<p>Dubai'nin en \u015f\u0131k b\u00f6lgelerinden biri olan Business Bay sadece i\u015f ama\u00e7l\u0131 de\u011fil. \u015eehirdeki en \u00e7arp\u0131c\u0131 mimarilerden baz\u0131lar\u0131n\u0131n yan\u0131 s\u0131ra birinci s\u0131n\u0131f otellere, muhte\u015fem manzaral\u0131 \u00e7at\u0131 restoranlar\u0131na ve dinlenme salonlar\u0131na ve dolamba\u00e7l\u0131 Dubai Su Kanal\u0131'na ev sahipli\u011fi yapan Business Bay, insanlar\u0131n g\u00f6rmeye ve g\u00f6r\u00fclmek i\u00e7in gitti\u011fi bir mahalledir. \u015eeyh Zayed Yolu'nun kara taraf\u0131nda, Dubai \u015eehir Merkezi'nin yak\u0131n\u0131nda yer alan Business Bay, \u015fimdiye kadar g\u00f6rebilece\u011finiz en belirgin kulelerden baz\u0131lar\u0131 da dahil olmak \u00fczere \u00e7o\u011funlukla y\u00fcksek kulelerden olu\u015fuyor. Dubai'nin en yeni mahallelerinden biri olan Business Bay, s\u00fcrekli yeni turistik mekanlar\u0131n, otellerin ve restoranlar\u0131n gelmesiyle h\u0131zla b\u00fcy\u00fcmeye devam ediyor. Konumu ve m\u00fckemmel ula\u015f\u0131m ba\u011flant\u0131lar\u0131 sayesinde Business Bay, hem turistler hem de i\u015f d\u00fcnyas\u0131 i\u00e7in pop\u00fcler bir semttir ve yeni Dubai'nin etkileyici ihti\u015fam\u0131n\u0131 ke\u015ffetmek i\u00e7in ideal bir yerdir.<\/p>\t\t\t\t\t\t\t\t<\/div>\n\t\t\t\t<\/div>\n\t\t\t\t<div class=\"elementor-element elementor-element-bd5f546 elementor-widget elementor-widget-heading\" data-id=\"bd5f546\" data-element_type=\"widget\" data-widget_type=\"heading.default\">\n\t\t\t\t<div class=\"elementor-widget-container\">\n\t\t\t\t\t<h2 class=\"elementor-heading-title elementor-size-default\">Business Bay Emlak Piyasas\u0131<\/h2>\t\t\t\t<\/div>\n\t\t\t\t<\/div>\n\t\t\t\t<div class=\"elementor-element elementor-element-0254612 elementor-widget elementor-widget-text-editor\" data-id=\"0254612\" data-element_type=\"widget\" data-widget_type=\"text-editor.default\">\n\t\t\t\t<div class=\"elementor-widget-container\">\n\t\t\t\t\t\t\t\t\t<p>Dubai Business Bay b\u00f6lgesi, Dubai'nin ikonik sil\u00fcetine katk\u0131da bulunan konut kuleleriyle birinci s\u0131n\u0131f bir konuma sahiptir. Daireler st\u00fcdyo, 1, 2, 3 ve 4 yatak odal\u0131 dahil olmak \u00fczere \u00e7e\u015fitli konfig\u00fcrasyonlarda mevcuttur. Geni\u015f dairelerin yan\u0131 s\u0131ra g\u00f6steri\u015fli penthouselar da bu g\u00f6kdelenlerin baz\u0131lar\u0131n\u0131n bir par\u00e7as\u0131d\u0131r ve en \u00fcst katlara zarif bir \u015fekilde yerle\u015ftirilmi\u015ftir. 50 metrekarelik rahat bir st\u00fcdyo ve ya 5 yatak odal\u0131 1500 metrekarelik devasa bir daire bulabilirsiniz. Business Bay daireleri binaya, boyuta ve yerle\u015fim plan\u0131na ba\u011fl\u0131 olarak bir\u00e7ok olanak sunmaktad\u0131r. Business Bay'deki dairelerin ortak \u00f6zellikleri aras\u0131nda tavandan tabana pencereler, y\u00fczme havuzlar\u0131, fitness salonlar\u0131, spa olanaklar\u0131, concierge hizmetleri, peyzajl\u0131 bah\u00e7eler ve park alanlar\u0131 yer al\u0131yor. S\u00fcper l\u00fcks \u00e7at\u0131 katlar\u0131ndan baz\u0131lar\u0131nda ayr\u0131ca \u00f6zel havuzlu geni\u015f teraslar bulunmaktad\u0131r.\nBusiness Bay'de 900K AED'den (245.000 USD) ba\u015flayan st\u00fcdyo daireler bulabilirsiniz.<\/p><p>Business Bay'de 900 bin AED'den (245.000 USD) ba\u015flayan fiyatlarla st\u00fcdyo daireler bulabilirsiniz.<\/p>\t\t\t\t\t\t\t\t<\/div>\n\t\t\t\t<\/div>\n\t\t\t\t<div class=\"elementor-element elementor-element-0de8085 elementor-widget elementor-widget-heading\" data-id=\"0de8085\" data-element_type=\"widget\" data-widget_type=\"heading.default\">\n\t\t\t\t<div class=\"elementor-widget-container\">\n\t\t\t\t\t<h2 class=\"elementor-heading-title elementor-size-default\">Business Bay Otelleri<\/h2>\t\t\t\t<\/div>\n\t\t\t\t<\/div>\n\t\t\t\t<div class=\"elementor-element elementor-element-d13d7dd elementor-widget elementor-widget-text-editor\" data-id=\"d13d7dd\" data-element_type=\"widget\" data-widget_type=\"text-editor.default\">\n\t\t\t\t<div class=\"elementor-widget-container\">\n\t\t\t\t\t\t\t\t\t<p>Business Bay, Dubai'deki en iyi \u015fehir otellerinden baz\u0131lar\u0131na sahiptir ve bunlar\u0131n bir\u00e7o\u011fu Downtown Dubai ve Bur\u00e7 Halife'ye ya da Basra K\u00f6rfezi'ne bakmaktad\u0131r. Minimalizm ve verimlilik i\u00e7in tasarlanm\u0131\u015f odalar\u0131 veya Dubai'nin herhangi bir yerindeki en l\u00fcks odalardan baz\u0131lar\u0131n\u0131 ve aradaki her \u015feyi bulabilirsiniz. Konaklaman\u0131n yan\u0131 s\u0131ra yemek ve e\u011flence a\u00e7\u0131s\u0131ndan da \u00f6ne \u00e7\u0131kanlardan biri, tamam\u0131 be\u015f y\u0131ld\u0131zl\u0131 olan, Hilton taraf\u0131ndan y\u00f6netilen \u00fc\u00e7 oteli i\u00e7eren Al Habtoor City'dir. Hilton Dubai Al Habtoor City, bekledi\u011finiz zarafeti ve hizmeti sunuyor; V Hotel, Hilton'un Curio Koleksiyonunun bir par\u00e7as\u0131d\u0131r ve muhte\u015fem bir \u00e7at\u0131 havuzuna sahiptir; Habtoor Palace Dubai, sundu\u011fu m\u00fckemmel hizmet ve olanaklarla Hilton'un \"LXR\" ultra l\u00fcks tesislerinden biridir. Di\u011fer \u00e7arp\u0131c\u0131 be\u015f y\u0131ld\u0131zl\u0131 m\u00fclkler aras\u0131nda d\u00fcnyan\u0131n en y\u00fcksek be\u015f y\u0131ld\u0131zl\u0131 oteli olan \u00e7ift kuleli JW Marriott Marquis ve Zaha Hadid taraf\u0131ndan tasarlanan The Opus'taki ME by Melia yer al\u0131yor. Rahmetli mimar, genel tasar\u0131m\u0131n yan\u0131 s\u0131ra i\u00e7 mekanlar \u00fczerinde de \u00e7al\u0131\u015ft\u0131; otel genelinde \"yap\u0131bozumcu\" felsefesi a\u00e7\u0131k\u00e7a g\u00f6r\u00fcl\u00fcyor; bu da buray\u0131 Hadid'in \u00e7al\u0131\u015fmalar\u0131n\u0131n hayranlar\u0131 i\u00e7in mutlaka kalmas\u0131 gereken bir m\u00fclk haline getiriyor. Business Bay'de SLS Dubai Hotel, The St Regis Downtown ve Anantara Downtown gibi hepsi y\u00fcksek puan alan \u00e7ok say\u0131da be\u015f y\u0131ld\u0131zl\u0131 otel var. Daha uzun s\u00fcreli konaklamalar veya sadece daha fazla alan i\u00e7in DAMAC Maison Priv\u00e9 ve DAMAC Maison Canal Views, Business Bay'de l\u00fcks otel daireleri sunmaktad\u0131r. Ayr\u0131ca Business Bay'de Hollywood temal\u0131 Paramount Hotel ve Paramount Hotel Midtown dahil harika d\u00f6rt y\u0131ld\u0131zl\u0131 oteller de bulabilirsiniz. Bu m\u00fclkler, ger\u00e7ek film yap\u0131m ekipmanlar\u0131na sahip s\u00fcitler ve st\u00fcdyo ar\u015fivlerinden filmlerin g\u00f6sterildi\u011fi bir tesis i\u00e7i sinema olan Paramount Hotel'in de dahil oldu\u011fu temal\u0131 oda tasar\u0131mlar\u0131yla g\u00fcm\u00fc\u015f ekran miraslar\u0131ndan en iyi \u015fekilde yararlan\u0131yor. Di\u011fer harika d\u00f6rt y\u0131ld\u0131zl\u0131 se\u00e7enekler aras\u0131nda DoubleTree by Hilton Dubai Business Bay, Citymax Hotel Business Bay ve Park Regis Business Bay yer al\u0131r ve City Premiere Hotel Apartments daha uzun seyahatler i\u00e7in idealdir. Business Bay'de \u00fc\u00e7 y\u0131ld\u0131zl\u0131 oteller olduk\u00e7a azd\u0131r; her ne kadar d\u00fczenli olarak yeni oteller a\u00e7\u0131lsa da, Paramount Hotel'in yan\u0131ndaki DAMAC Towers Paramount, \u00fc\u00e7 y\u0131ld\u0131zl\u0131 apart otel konaklamas\u0131 sunmaktad\u0131r. Ancak Business Bay'in Dubai \u015eehir Merkezine ve di\u011fer b\u00f6lgelere yak\u0131nl\u0131\u011f\u0131 g\u00f6z \u00f6n\u00fcne al\u0131nd\u0131\u011f\u0131nda, yak\u0131nlarda uygun fiyatl\u0131 \u00e7ok say\u0131da konaklama yeri bulunabilir.<\/p>\t\t\t\t\t\t\t\t<\/div>\n\t\t\t\t<\/div>\n\t\t\t\t\t<\/div>\n\t\t\t\t<\/div>\n\t\t\t\t<\/div>","protected":false},"excerpt":{"rendered":"<p>Business Bay Dubai - Abu Dhabi - Sharjah - Ajman Dubai'nin en \u015f\u0131k b\u00f6lgelerinden biri olan Business Bay sadece i\u015f d\u00fcnyas\u0131yla ilgili de\u011fildir. \u015eehrin en \u00e7arp\u0131c\u0131 mimarilerinden baz\u0131lar\u0131n\u0131n yan\u0131 s\u0131ra birinci s\u0131n\u0131f otellere, inan\u0131lmaz manzaralara sahip \u00e7at\u0131 restoranlar\u0131 ve salonlar\u0131na ve dolamba\u00e7l\u0131 Dubai Su Kanal\u0131'na ev sahipli\u011fi yapan Business Bay, [...]<\/p>","protected":false},"author":1,"featured_media":0,"parent":0,"menu_order":0,"comment_status":"closed","ping_status":"closed","template":"template\/template-homepage.php","meta":{"inline_featured_image":false,"_joinchat":[],"footnotes":""},"class_list":["post-24609","page","type-page","status-publish","hentry"],"yoast_head":"<!-- This site is optimized with the Yoast SEO Premium plugin v24.6 (Yoast SEO v24.6) - https:\/\/yoast.com\/wordpress\/plugins\/seo\/ -->\n<title>Business Bay | Offplan Projects - Apartments, Villas, Townhouses, Penthouses | W Estates<\/title>\n<meta name=\"description\" content=\"Business Bay: The district&#039;s chic blend of prime real estate, luxe hotels, and the iconic Dubai Canal\u2014an urban lifestyle oasis.\" \/>\n<meta name=\"robots\" content=\"index, follow, max-snippet:-1, max-image-preview:large, max-video-preview:-1\" \/>\n<link rel=\"canonical\" href=\"https:\/\/westates.com\/tr\/business-bay\/\" \/>\n<meta property=\"og:locale\" content=\"tr_TR\" \/>\n<meta property=\"og:type\" content=\"article\" \/>\n<meta property=\"og:title\" content=\"Business Bay\" \/>\n<meta property=\"og:description\" content=\"Business Bay: The district&#039;s chic blend of prime real estate, luxe hotels, and the iconic Dubai Canal\u2014an urban lifestyle oasis.\" \/>\n<meta property=\"og:url\" content=\"https:\/\/westates.com\/tr\/business-bay\/\" \/>\n<meta property=\"og:site_name\" content=\"Offplan Projects - Apartments, Villas, Townhouses, Penthouses | W Estates\" \/>\n<meta property=\"article:modified_time\" content=\"2024-04-17T07:06:16+00:00\" \/>\n<meta name=\"twitter:card\" content=\"summary_large_image\" \/>\n<meta name=\"twitter:label1\" content=\"Tahmini okuma s\u00fcresi\" \/>\n\t<meta name=\"twitter:data1\" content=\"3 dakika\" \/>\n<script type=\"application\/ld+json\" class=\"yoast-schema-graph\">{\"@context\":\"https:\/\/schema.org\",\"@graph\":[{\"@type\":\"WebPage\",\"@id\":\"https:\/\/westates.com\/business-bay\/\",\"url\":\"https:\/\/westates.com\/business-bay\/\",\"name\":\"Business Bay | Offplan Projects - Apartments, Villas, Townhouses, Penthouses | W Estates\",\"isPartOf\":{\"@id\":\"https:\/\/westates.com\/#website\"},\"datePublished\":\"2024-03-26T10:27:48+00:00\",\"dateModified\":\"2024-04-17T07:06:16+00:00\",\"description\":\"Business Bay: The district's chic blend of prime real estate, luxe hotels, and the iconic Dubai Canal\u2014an urban lifestyle oasis.\",\"breadcrumb\":{\"@id\":\"https:\/\/westates.com\/business-bay\/#breadcrumb\"},\"inLanguage\":\"tr\",\"potentialAction\":[{\"@type\":\"ReadAction\",\"target\":[\"https:\/\/westates.com\/business-bay\/\"]}]},{\"@type\":\"BreadcrumbList\",\"@id\":\"https:\/\/westates.com\/business-bay\/#breadcrumb\",\"itemListElement\":[{\"@type\":\"ListItem\",\"position\":1,\"name\":\"Home\",\"item\":\"https:\/\/westates.com\/\"},{\"@type\":\"ListItem\",\"position\":2,\"name\":\"Business Bay\"}]},{\"@type\":\"WebSite\",\"@id\":\"https:\/\/westates.com\/#website\",\"url\":\"https:\/\/westates.com\/\",\"name\":\"W Estates\",\"description\":\"\",\"potentialAction\":[{\"@type\":\"SearchAction\",\"target\":{\"@type\":\"EntryPoint\",\"urlTemplate\":\"https:\/\/westates.com\/?s={search_term_string}\"},\"query-input\":{\"@type\":\"PropertyValueSpecification\",\"valueRequired\":true,\"valueName\":\"search_term_string\"}}],\"inLanguage\":\"tr\"}]}<\/script>\n<!-- \/ Yoast SEO Premium plugin. -->","yoast_head_json":{"title":"Business Bay | Offplan Projeler - Daireler, Villalar, Townhouses, Penthouse'lar | W Estates","description":"Business Bay: B\u00f6lgenin birinci s\u0131n\u0131f gayrimenkuller, l\u00fcks oteller ve ikonik Dubai Kanal\u0131'ndan olu\u015fan \u015f\u0131k kar\u0131\u015f\u0131m\u0131, kentsel bir ya\u015fam tarz\u0131 vahas\u0131d\u0131r.","robots":{"index":"index","follow":"follow","max-snippet":"max-snippet:-1","max-image-preview":"max-image-preview:large","max-video-preview":"max-video-preview:-1"},"canonical":"https:\/\/westates.com\/tr\/business-bay\/","og_locale":"tr_TR","og_type":"article","og_title":"Business Bay","og_description":"Business Bay: The district's chic blend of prime real estate, luxe hotels, and the iconic Dubai Canal\u2014an urban lifestyle oasis.","og_url":"https:\/\/westates.com\/tr\/business-bay\/","og_site_name":"Offplan Projects - Apartments, Villas, Townhouses, Penthouses | W Estates","article_modified_time":"2024-04-17T07:06:16+00:00","twitter_card":"summary_large_image","twitter_misc":{"Tahmini okuma s\u00fcresi":"3 dakika"},"schema":{"@context":"https:\/\/schema.org","@graph":[{"@type":"WebPage","@id":"https:\/\/westates.com\/business-bay\/","url":"https:\/\/westates.com\/business-bay\/","name":"Business Bay | Offplan Projeler - Daireler, Villalar, Townhouses, Penthouse'lar | W Estates","isPartOf":{"@id":"https:\/\/westates.com\/#website"},"datePublished":"2024-03-26T10:27:48+00:00","dateModified":"2024-04-17T07:06:16+00:00","description":"Business Bay: B\u00f6lgenin birinci s\u0131n\u0131f gayrimenkuller, l\u00fcks oteller ve ikonik Dubai Kanal\u0131'ndan olu\u015fan \u015f\u0131k kar\u0131\u015f\u0131m\u0131, kentsel bir ya\u015fam tarz\u0131 vahas\u0131d\u0131r.","breadcrumb":{"@id":"https:\/\/westates.com\/business-bay\/#breadcrumb"},"inLanguage":"tr","potentialAction":[{"@type":"ReadAction","target":["https:\/\/westates.com\/business-bay\/"]}]},{"@type":"BreadcrumbList","@id":"https:\/\/westates.com\/business-bay\/#breadcrumb","itemListElement":[{"@type":"ListItem","position":1,"name":"Home","item":"https:\/\/westates.com\/"},{"@type":"ListItem","position":2,"name":"Business Bay"}]},{"@type":"WebSite","@id":"https:\/\/westates.com\/#website","url":"https:\/\/westates.com\/","name":"W Estates","description":"","potentialAction":[{"@type":"SearchAction","target":{"@type":"EntryPoint","urlTemplate":"https:\/\/westates.com\/?s={search_term_string}"},"query-input":{"@type":"PropertyValueSpecification","valueRequired":true,"valueName":"search_term_string"}}],"inLanguage":"tr"}]}},"_links":{"self":[{"href":"https:\/\/westates.com\/tr\/wp-json\/wp\/v2\/pages\/24609","targetHints":{"allow":["GET"]}}],"collection":[{"href":"https:\/\/westates.com\/tr\/wp-json\/wp\/v2\/pages"}],"about":[{"href":"https:\/\/westates.com\/tr\/wp-json\/wp\/v2\/types\/page"}],"author":[{"embeddable":true,"href":"https:\/\/westates.com\/tr\/wp-json\/wp\/v2\/users\/1"}],"replies":[{"embeddable":true,"href":"https:\/\/westates.com\/tr\/wp-json\/wp\/v2\/comments?post=24609"}],"version-history":[{"count":0,"href":"https:\/\/westates.com\/tr\/wp-json\/wp\/v2\/pages\/24609\/revisions"}],"wp:attachment":[{"href":"https:\/\/westates.com\/tr\/wp-json\/wp\/v2\/media?parent=24609"}],"curies":[{"name":"wp","href":"https:\/\/api.w.org\/{rel}","templated":true}]}}